{"id":151,"date":"2025-06-05T12:36:27","date_gmt":"2025-06-05T12:36:27","guid":{"rendered":"https:\/\/wpnew.hybird.org\/?page_id=151"},"modified":"2025-06-05T16:14:26","modified_gmt":"2025-06-05T16:14:26","slug":"definition-crm","status":"publish","type":"page","link":"https:\/\/hybird.org\/index.php\/definition-crm\/","title":{"rendered":"Qu&rsquo;est-ce qu&rsquo;un CRM ?"},"content":{"rendered":"\n<p>Un CRM (Customer Relationship Management ou GRC en fran\u00e7ais : Gestion de la Relation Client) est un outil informatique qui permet de g\u00e9rer efficacement la relation client, notamment dans le cadre du suivi commercial. Plus pr\u00e9cis\u00e9ment, un CRM aide les entreprises \u00e0 mieux comprendre leurs clients et prospects afin de personnaliser leurs produits ou services. Il permet de renforcer la relation client tout en r\u00e9duisant le temps et les efforts n\u00e9cessaires pour la g\u00e9rer. Cette approche individualis\u00e9e am\u00e9liore la satisfaction et favorise la fid\u00e9lisation.<\/p>\n\n\n\n<p class=\"has-medium-font-size\">Pourquoi utiliser un CRM ?<\/p>\n\n\n\n<p>La r\u00e9ponse repose sur trois constats simples et bien connus :<\/p>\n\n\n\n<ul class=\"wp-block-list\">\n<li>Acqu\u00e9rir un nouveau client co\u00fbte jusqu\u2019\u00e0 10 fois plus cher que de conserver un client existant.<\/li>\n\n\n\n<li>Un client satisfait est beaucoup plus enclin \u00e0 rester fid\u00e8le.<\/li>\n\n\n\n<li>Il est indispensable de trouver continuellement de nouveaux clients, malgr\u00e9 le co\u00fbt que cela repr\u00e9sente.<\/li>\n<\/ul>\n\n\n\n<p>Ainsi, un CRM r\u00e9pond \u00e0 un double objectif : fid\u00e9liser les clients existants et optimiser le processus de conversion des prospects en clients. Il est donc un levier strat\u00e9gique pour gagner en efficacit\u00e9 et en rentabilit\u00e9.<\/p>\n\n\n\n<p class=\"has-medium-font-size\">Des exemples concrets de l\u2019utilit\u00e9 d\u2019un CRM<\/p>\n\n\n\n<p><strong>Pr\u00e9parer un rendez-vous client<\/strong><\/p>\n\n\n\n<p>\u2028Un nouveau commercial se rend \u00e0 un rendez-vous avec un client r\u00e9gulier ayant rencontr\u00e9 un probl\u00e8me dans le pass\u00e9. Gr\u00e2ce au CRM, il peut consulter l\u2019historique complet de la relation et ainsi r\u00e9pondre de mani\u00e8re pr\u00e9cise et professionnelle, renfor\u00e7ant la cr\u00e9dibilit\u00e9 de l\u2019entreprise.<\/p>\n\n\n\n<p><strong>Mener une campagne de prospection\u2028<\/strong><\/p>\n\n\n\n<p>Un commercial en t\u00e9l\u00e9prospection peut planifier ses appels, enregistrer les r\u00e9sultats, suivre les opportunit\u00e9s et analyser les retomb\u00e9es de sa campagne directement dans le CRM.<\/p>\n\n\n\n<p><strong>Suivre la situation d\u2019un client avant un appel\u2028<\/strong><\/p>\n\n\n\n<p>Avant de proposer une nouvelle offre, le commercial peut v\u00e9rifier via le CRM si le client est \u00e0 jour dans ses paiements et, le cas \u00e9ch\u00e9ant, aborder le sujet avec tact.<\/p>\n\n\n\n<p class=\"has-medium-font-size\">En r\u00e9sum\u00e9<\/p>\n\n\n\n<p>Un CRM facilite la gestion de la relation client \u00e0 tous les niveaux : centralisation des donn\u00e9es, partage d\u2019informations, suivi commercial, SAV, prospection, et bien plus encore. Plut\u00f4t que de multiplier les exemples, nous vous invitons \u00e0 d\u00e9couvrir par vous-m\u00eame <a href=\"https:\/\/cremecrm.com\/fonctionnalites\" target=\"_blank\" rel=\"noreferrer noopener\">les nombreuses fonctionnalit\u00e9s<\/a> qu\u2019un CRM peut offrir.<\/p>\n\n\n\n<p><\/p>\n\n\n\n<p><\/p>\n","protected":false},"excerpt":{"rendered":"<p>Un CRM (Customer Relationship Management ou GRC en fran\u00e7ais : Gestion de la Relation Client) est un outil informatique qui permet de g\u00e9rer efficacement la relation client, notamment dans le cadre du suivi commercial. Plus pr\u00e9cis\u00e9ment, un CRM aide les entreprises \u00e0 mieux comprendre leurs clients et prospects afin de personnaliser leurs produits ou services. [&hellip;]<\/p>\n","protected":false},"author":1,"featured_media":0,"parent":0,"menu_order":0,"comment_status":"closed","ping_status":"closed","template":"","meta":{"footnotes":""},"class_list":["post-151","page","type-page","status-publish","hentry"],"_links":{"self":[{"href":"https:\/\/hybird.org\/index.php\/wp-json\/wp\/v2\/pages\/151","targetHints":{"allow":["GET"]}}],"collection":[{"href":"https:\/\/hybird.org\/index.php\/wp-json\/wp\/v2\/pages"}],"about":[{"href":"https:\/\/hybird.org\/index.php\/wp-json\/wp\/v2\/types\/page"}],"author":[{"embeddable":true,"href":"https:\/\/hybird.org\/index.php\/wp-json\/wp\/v2\/users\/1"}],"replies":[{"embeddable":true,"href":"https:\/\/hybird.org\/index.php\/wp-json\/wp\/v2\/comments?post=151"}],"version-history":[{"count":6,"href":"https:\/\/hybird.org\/index.php\/wp-json\/wp\/v2\/pages\/151\/revisions"}],"predecessor-version":[{"id":296,"href":"https:\/\/hybird.org\/index.php\/wp-json\/wp\/v2\/pages\/151\/revisions\/296"}],"wp:attachment":[{"href":"https:\/\/hybird.org\/index.php\/wp-json\/wp\/v2\/media?parent=151"}],"curies":[{"name":"wp","href":"https:\/\/api.w.org\/{rel}","templated":true}]}}