{"id":170,"date":"2025-06-02T12:58:38","date_gmt":"2025-06-02T12:58:38","guid":{"rendered":"https:\/\/hybird.org\/?page_id=170"},"modified":"2025-08-11T10:49:27","modified_gmt":"2025-08-11T10:49:27","slug":"presse-et-medias","status":"publish","type":"page","link":"https:\/\/hybird.org\/index.php\/presse-et-medias\/","title":{"rendered":"Presse &amp; m\u00e9dias"},"content":{"rendered":"\n<p class=\"has-medium-font-size\"><\/p>\n\n\n\n<figure class=\"wp-block-table is-style-stripes\"><table><tbody><tr><td>2025<\/td><td class=\"has-text-align-center\" data-align=\"center\"><i class=\"fa-solid fa-microphone\"><\/i> <\/td><td><a href=\"https:\/\/www.libreavous.org\/248-les-crm-libres-gestion-des-relations-avec-la-clientele-le-rebranding\" target=\"_blank\" rel=\"noreferrer noopener\">Les CRM libres (Libre \u00e0 vous !)<\/a><\/td><\/tr><tr><td>2024<\/td><td class=\"has-text-align-center\" data-align=\"center\"><i class=\"fa-solid fa-newspaper\"><\/i> <br><i class=\"fa-solid fa-newspaper\"><\/i> <br><i class=\"fa-brands fa-youtube\"><\/i> <br><i class=\"fa-solid fa-microphone\"><\/i> <\/td><td><a href=\"https:\/\/conquerir.com\/index.php\/actualites-menu\/88-actualites\/575-go-entrepreneurs-lyon-beaucoup-d-engouement\" target=\"_blank\" rel=\"noreferrer noopener\">Go Entrepreneurs Lyon : beaucoup d\u2019engouement (Conqu\u00e9rir)<\/a><br><a href=\"https:\/\/conquerir.com\/index.php\/actualites-menu\/88-actualites\/545-go-entrepreneurs-paris-un-net-rebond\" target=\"_blank\" rel=\"noreferrer noopener\">Go Entrepreneurs Paris : un net rebond (Conqu\u00e9rir)<\/a><br><a href=\"https:\/\/www.youtube.com\/watch?v=lMa8mALkkMQ\" target=\"_blank\" rel=\"noreferrer noopener\">Pr\u00e9sentation d&rsquo;Hybird (9\u00e8me congr\u00e8s de l&rsquo;ADULLACT)<\/a><br><a href=\"https:\/\/www.libreavous.org\/213-interviews-d-entreprises-du-libre-lors-des-rpll-cyberstructure-et-peau-de\" target=\"_blank\" rel=\"noreferrer noopener\">Interview aux RPLL &#8211; 24:40 (Libre \u00e0 vous !)<\/a><\/td><\/tr><tr><td>2023<\/td><td class=\"has-text-align-center\" data-align=\"center\"><i class=\"fa-solid fa-newspaper\"><\/i> <br><i class=\"fa-solid fa-newspaper\"><\/i> <\/td><td><a href=\"https:\/\/logicielscrm.net\/les-avantages-du-crm-creme-en-france\/\" target=\"_blank\" rel=\"noreferrer noopener\">Les avantages du CRM Creme en France (Logiciels CRM)<\/a><br><a href=\"https:\/\/conquerir.com\/index.php\/actualites-menu\/88-actualites\/502-go-entrepreneurs-lyon-un-regain-d-affluence\" target=\"_blank\" rel=\"noreferrer noopener\">Go Entrepreneurs Lyon : un regain d\u2019affluence (Conqu\u00e9rir)<\/a><\/td><\/tr><tr><td>2022<\/td><td class=\"has-text-align-center\" data-align=\"center\"><i class=\"fa-solid fa-newspaper\"><\/i> <br><i class=\"fa-solid fa-newspaper\"><\/i> <br><i class=\"fa-solid fa-newspaper\"><\/i> <\/td><td><a href=\"https:\/\/conquerir.com\/index.php\/actualites-menu\/95-marketing-direct\/451-go-entrepreneurs-lyon-retour-en-force-des-visiteurs\" target=\"_blank\" rel=\"noreferrer noopener\">Go Entrepreneurs Lyon : retour en force des visiteurs (Conqu\u00e9rir)<\/a><br><a href=\"https:\/\/conquerir.com\/index.php\/actualites-menu\/95-marketing-direct\/420-prospection-post-covid-des-changements-mais-les-fondamentaux-demeurent\" target=\"_blank\" rel=\"noreferrer noopener\">Prospection post-Covid&nbsp;: des changements, mais les fondamentaux demeurent (Conqu\u00e9rir)<\/a><br><a href=\"https:\/\/www.francenum.gouv.fr\/guides-et-conseils\/developpement-commercial\/gestion-de-la-relation-client\/comment-ameliorer-votre\" target=\"_blank\" rel=\"noreferrer noopener\">Comment am\u00e9liorer votre gestion de la relation client en utilisant une plateforme CRM (France Num)<\/a><\/td><\/tr><tr><td>2021<\/td><td class=\"has-text-align-center\" data-align=\"center\"><i class=\"fa-solid fa-newspaper\"><\/i> <\/td><td><a href=\"https:\/\/conquerir.com\/index.php\/actualites-menu\/95-marketing-direct\/408-go-entrepreneurs-lyon-conquerir-reprend-son-cycle-de-conferences-sur-la-prospection-et-la-fidelisation-des-clients\" target=\"_blank\" rel=\"noreferrer noopener\">Go Entrepreneurs Lyon&nbsp;: Conqu\u00e9rir reprend son cycle de conf\u00e9rences sur la prospection&#8230; (Conqu\u00e9rir)<\/a><\/td><\/tr><tr><td>2020<\/td><td class=\"has-text-align-center\" data-align=\"center\"><i class=\"fa-solid fa-microphone\"><\/i> <\/td><td><a href=\"https:\/\/www.libreavous.org\/48-interviews-realisees-au-poss-chronique-sur-amazon-chronique-sur-le-projet-de\" target=\"_blank\" rel=\"noreferrer noopener\">Interview au Paris Open Source Summit &#8211; 01:07:14 (Libre \u00e0 vous !)<\/a><\/td><\/tr><tr><td>2016<\/td><td class=\"has-text-align-center\" data-align=\"center\"><i class=\"fa-solid fa-newspaper\"><\/i><br><i class=\"fa-solid fa-newspaper\"><\/i><\/td><td><a href=\"https:\/\/connect.ed-diamond.com\/Linux-Pratique\/lp-093\/creme-crm-apprenez-a-utiliser-le-plus-sucre-des-crm\" target=\"_blank\" rel=\"noreferrer noopener\">Cr\u00e8me CRM, apprenez \u00e0 utiliser le plus sucr\u00e9 des CRM (Linux Pratique)<\/a><br><a href=\"https:\/\/connect.ed-diamond.com\/Linux-Pratique\/lp-094\/un-crm-mais-en-fait-a-quoi-ca-sert\" target=\"_blank\" rel=\"noreferrer noopener\">Un CRM, mais en fait, \u00e0 quoi \u00e7a sert ? (Linux Pratique)<\/a><\/td><\/tr><tr><td>2014<\/td><td class=\"has-text-align-center\" data-align=\"center\"><i class=\"fa-solid fa-file-pdf\"><\/i> <br><i class=\"fa-brands fa-youtube\"><\/i> <\/td><td><a href=\"https:\/\/hybird.org\/wp-content\/uploads\/2025\/06\/Hybird-et-le-ministe\u0300re-de-lInte\u0301rieur-juin-2014.pdf\" target=\"_blank\" rel=\"noreferrer noopener\">Hybird et le minist\u00e8re de l&rsquo;Int\u00e9rieur (Pacte PME)<\/a><br><a href=\"https:\/\/www.youtube.com\/watch?v=KBQ8Sy-knEE\" target=\"_blank\" rel=\"noreferrer noopener\">Interview Time 2 Marketing Paris 2014 (Widoobiz)<\/a><\/td><\/tr><tr><td>2013<\/td><td class=\"has-text-align-center\" data-align=\"center\"><i class=\"fa-solid fa-newspaper\"><\/i> <br><i class=\"fa-solid fa-microphone\"><\/i> <\/td><td><a href=\"http:\/\/connect.ed-diamond.com\/Linux-Pratique\/LPHS-026\/Creme-CRM-la-creme-de-la-creme-des-CRM\" target=\"_blank\" rel=\"noreferrer noopener\">Cr\u00e8me CRM, la cr\u00e8me de la cr\u00e8me des CRM (Linux Pratique)<\/a><br><a href=\"http:\/\/www.erp-infos.com\/thumb\/c643be6518ba5cbWS650042_Jean-Michel_Armand.mp3\" target=\"_blank\" rel=\"noreferrer noopener\">Entretien aux Salons Solutions 2013 (ERP Infos)<\/a><\/td><\/tr><tr><td>2012<\/td><td class=\"has-text-align-center\" data-align=\"center\"><i class=\"fa-solid fa-newspaper\"><\/i> <br><i class=\"fa-solid fa-newspaper\"><\/i> <br><i class=\"fa-solid fa-newspaper\"><\/i> <\/td><td><a href=\"https:\/\/www.iprotego.com\/hybird-communaute-logiciel-libre\/\" target=\"_blank\" rel=\"noreferrer noopener\">Cr\u00e8me CRM de Hybird, une communaut\u00e9 pour un logiciel libre (iProtego)<\/a><br><a href=\"http:\/\/philippe.scoffoni.net\/cremecrm-crm-liens\" target=\"_blank\" rel=\"noreferrer noopener\">CremeCRM, la CRM qui fait des liens (Philippe Scoffoni)<\/a><br><a href=\"http:\/\/www.solutions-numeriques.com\/articles\/creme-crm-le-crm-a-la-francaise\/\" target=\"_blank\" rel=\"noreferrer noopener\">Cr\u00e8me CRM : le CRM \u00e0 la fran\u00e7aise (Solutions &amp; Logiciels)<\/a><\/td><\/tr><tr><td>2011<\/td><td class=\"has-text-align-center\" data-align=\"center\"><i class=\"fa-solid fa-image\"><\/i> <br><i class=\"fa-solid fa-newspaper\"><\/i> <br><i class=\"fa-solid fa-newspaper\"><\/i> <\/td><td><a href=\"https:\/\/hybird.org\/wp-content\/uploads\/2025\/06\/Windows-News-de\u0301cembre-2011.jpg\" target=\"_blank\" rel=\"noreferrer noopener\">Du CRM \u00e0 la Cr\u00e8me (Windows News)<\/a><br><a href=\"https:\/\/linuxfr.org\/news\/logiciel-libre-et-cr%C3%A9ation-dentreprise-entretien-avec-2-des-cr%C3%A9ateurs-de-hybird\" target=\"_blank\" rel=\"noreferrer noopener\">Logiciel libre et cr\u00e9ation d&rsquo;entreprise (LinuxFR)<\/a><br><a href=\"https:\/\/hybird.org\/wp-content\/uploads\/2025\/06\/Archimag-octobre-2011.png\" target=\"_blank\" rel=\"noreferrer noopener\">Hybird, la cr\u00e8me du CRM (Archimag)<\/a><\/td><\/tr><tr><td>2010<\/td><td class=\"has-text-align-center\" data-align=\"center\"><i class=\"fa-solid fa-file-pdf\"><\/i> <\/td><td><a href=\"https:\/\/hybird.org\/wp-content\/uploads\/2025\/06\/Linux-Pratique-nov-dec-2010.pdf\" target=\"_blank\" rel=\"noreferrer noopener\">Une nouvelle vision du CRM avec Cr\u00e8me (Linux Pratique)<\/a><\/td><\/tr><tr><td>2009<\/td><td class=\"has-text-align-center\" data-align=\"center\"><i class=\"fa-solid fa-image\"><\/i> <\/td><td><a href=\"https:\/\/hybird.org\/wp-content\/uploads\/2025\/06\/JDE-novembre-2009.jpg\" target=\"_blank\" rel=\"noreferrer noopener\">Hybird : \u00ab\u00a0Adh\u00e9rer aux p\u00f4les permet d&rsquo;int\u00e9grer des r\u00e9seaux\u00a0\u00bb (JDE)<\/a><\/td><\/tr><tr><td>2007<\/td><td class=\"has-text-align-center\" data-align=\"center\"><i class=\"fa-solid fa-image\"><\/i> <br><i class=\"fa-solid fa-image\"><\/i> <\/td><td><a href=\"https:\/\/hybird.org\/wp-content\/uploads\/2025\/06\/La-Provence-novembre-2007.jpg\" target=\"_blank\" rel=\"noreferrer noopener\">Le monde des technologies en folie (La Provence)<\/a><br><a href=\"https:\/\/hybird.org\/wp-content\/uploads\/2025\/06\/La-Provence-novembre-2007-2.jpg\" target=\"_blank\" rel=\"noreferrer noopener\">Les PME r\u00e9gionales entrent dans le monde virtuel (La Provence)<\/a><\/td><\/tr><tr><td>2004<\/td><td class=\"has-text-align-center\" data-align=\"center\"><i class=\"fa-solid fa-image\"><\/i> <br><i class=\"fa-solid fa-image\"><\/i> <\/td><td><a href=\"https:\/\/hybird.org\/wp-content\/uploads\/2025\/06\/Haute-Provence-Info-novembre-2004.jpg\" target=\"_blank\" rel=\"noreferrer noopener\">Six cr\u00e9ateurs d\u2019entreprise r\u00e9compens\u00e9s (Haute Provence Info)<\/a><br><a href=\"https:\/\/hybird.org\/wp-content\/uploads\/2025\/06\/Le-Var-Information-novembre-2004.jpg\" target=\"_blank\" rel=\"noreferrer noopener\">Concours d&rsquo;aide \u00e0 la cr\u00e9ation d&rsquo;entreprise (Le Var Information)<\/a><\/td><\/tr><\/tbody><\/table><\/figure>\n","protected":false},"excerpt":{"rendered":"<p>2025 Les CRM libres (Libre \u00e0 vous !) 2024 Go Entrepreneurs Lyon : beaucoup d\u2019engouement (Conqu\u00e9rir)Go Entrepreneurs Paris : un net rebond (Conqu\u00e9rir)Pr\u00e9sentation d&rsquo;Hybird (9\u00e8me congr\u00e8s de l&rsquo;ADULLACT)Interview aux RPLL &#8211; 24:40 (Libre \u00e0 vous !) 2023 Les avantages du CRM Creme en France (Logiciels CRM)Go Entrepreneurs Lyon : un regain d\u2019affluence (Conqu\u00e9rir) 2022 Go [&hellip;]<\/p>\n","protected":false},"author":1,"featured_media":0,"parent":0,"menu_order":0,"comment_status":"closed","ping_status":"closed","template":"","meta":{"footnotes":""},"class_list":["post-170","page","type-page","status-publish","hentry"],"_links":{"self":[{"href":"https:\/\/hybird.org\/index.php\/wp-json\/wp\/v2\/pages\/170","targetHints":{"allow":["GET"]}}],"collection":[{"href":"https:\/\/hybird.org\/index.php\/wp-json\/wp\/v2\/pages"}],"about":[{"href":"https:\/\/hybird.org\/index.php\/wp-json\/wp\/v2\/types\/page"}],"author":[{"embeddable":true,"href":"https:\/\/hybird.org\/index.php\/wp-json\/wp\/v2\/users\/1"}],"replies":[{"embeddable":true,"href":"https:\/\/hybird.org\/index.php\/wp-json\/wp\/v2\/comments?post=170"}],"version-history":[{"count":24,"href":"https:\/\/hybird.org\/index.php\/wp-json\/wp\/v2\/pages\/170\/revisions"}],"predecessor-version":[{"id":332,"href":"https:\/\/hybird.org\/index.php\/wp-json\/wp\/v2\/pages\/170\/revisions\/332"}],"wp:attachment":[{"href":"https:\/\/hybird.org\/index.php\/wp-json\/wp\/v2\/media?parent=170"}],"curies":[{"name":"wp","href":"https:\/\/api.w.org\/{rel}","templated":true}]}}