{"id":2,"date":"2025-05-14T15:37:48","date_gmt":"2025-05-14T15:37:48","guid":{"rendered":"http:\/\/wpnew.hybird.org\/?page_id=2"},"modified":"2026-03-21T10:32:48","modified_gmt":"2026-03-21T10:32:48","slug":"qui-sommes-nous","status":"publish","type":"page","link":"https:\/\/hybird.org\/index.php\/qui-sommes-nous\/","title":{"rendered":"Qui sommes-nous ?"},"content":{"rendered":"\n<p>Hybird est une PME marseillaise fond\u00e9e en 2005, anim\u00e9e par la passion du logiciel libre et la volont\u00e9 d\u2019offrir des outils vraiment adapt\u00e9s aux besoins des entreprises. Apr\u00e8s deux ann\u00e9es \u00e0 accompagner nos clients avec des solutions CRM open source existantes, nous avons fait le choix de l\u2019ind\u00e9pendance : devenir \u00e9diteur et cr\u00e9er notre propre logiciel.<\/p>\n\n\n\n<p>C\u2019est ainsi qu\u2019est n\u00e9 <a href=\"http:\/\/www.cremecrm.com\" target=\"_blank\" rel=\"noreferrer noopener\">Cr\u00e8me<\/a>, un CRM libre, con\u00e7u et d\u00e9velopp\u00e9 par notre \u00e9quipe, avec une attention particuli\u00e8re port\u00e9e \u00e0 la flexibilit\u00e9, \u00e0 l\u2019ergonomie et \u00e0 la souverainet\u00e9 des donn\u00e9es.<\/p>\n\n\n\n<p>Chez Hybird, nous croyons en un num\u00e9rique \u00e9thique, durable et ma\u00eetris\u00e9. Chaque ligne de code, chaque fonctionnalit\u00e9, chaque choix technique refl\u00e8te cette conviction.<\/p>\n\n\n\n<p class=\"has-small-font-size\"><\/p>\n","protected":false},"excerpt":{"rendered":"<p>Hybird est une PME marseillaise fond\u00e9e en 2005, anim\u00e9e par la passion du logiciel libre et la volont\u00e9 d\u2019offrir des outils vraiment adapt\u00e9s aux besoins des entreprises. Apr\u00e8s deux ann\u00e9es \u00e0 accompagner nos clients avec des solutions CRM open source existantes, nous avons fait le choix de l\u2019ind\u00e9pendance : devenir \u00e9diteur et cr\u00e9er notre propre [&hellip;]<\/p>\n","protected":false},"author":1,"featured_media":0,"parent":0,"menu_order":1,"comment_status":"closed","ping_status":"open","template":"","meta":{"footnotes":""},"class_list":["post-2","page","type-page","status-publish","hentry"],"_links":{"self":[{"href":"https:\/\/hybird.org\/index.php\/wp-json\/wp\/v2\/pages\/2","targetHints":{"allow":["GET"]}}],"collection":[{"href":"https:\/\/hybird.org\/index.php\/wp-json\/wp\/v2\/pages"}],"about":[{"href":"https:\/\/hybird.org\/index.php\/wp-json\/wp\/v2\/types\/page"}],"author":[{"embeddable":true,"href":"https:\/\/hybird.org\/index.php\/wp-json\/wp\/v2\/users\/1"}],"replies":[{"embeddable":true,"href":"https:\/\/hybird.org\/index.php\/wp-json\/wp\/v2\/comments?post=2"}],"version-history":[{"count":5,"href":"https:\/\/hybird.org\/index.php\/wp-json\/wp\/v2\/pages\/2\/revisions"}],"predecessor-version":[{"id":410,"href":"https:\/\/hybird.org\/index.php\/wp-json\/wp\/v2\/pages\/2\/revisions\/410"}],"wp:attachment":[{"href":"https:\/\/hybird.org\/index.php\/wp-json\/wp\/v2\/media?parent=2"}],"curies":[{"name":"wp","href":"https:\/\/api.w.org\/{rel}","templated":true}]}}