{"id":256,"date":"2025-06-05T12:10:43","date_gmt":"2025-06-05T12:10:43","guid":{"rendered":"https:\/\/hybird.org\/?page_id=256"},"modified":"2025-08-11T13:11:59","modified_gmt":"2025-08-11T13:11:59","slug":"reservez-votre-demo","status":"publish","type":"page","link":"https:\/\/hybird.org\/index.php\/reservez-votre-demo\/","title":{"rendered":"R\u00e9servez votre d\u00e9mo"},"content":{"rendered":"\n<p>Nous vous proposons une session personnalis\u00e9e d&rsquo;une heure pour vous pr\u00e9senter Cr\u00e8me et \u00e9changer sur votre projet CRM. C\u2019est l\u2019occasion id\u00e9ale pour poser toutes vos questions et voir comment Cr\u00e8me peut r\u00e9pondre \u00e0 vos besoins.<\/p>\n\n\n\n<p><i class=\"fa-solid fa-circle-right\"><\/i> <a href=\"https:\/\/calendly.com\/jmacremecrm\/demonstration-creme-crm-site\" target=\"_blank\" rel=\"noreferrer noopener\">R\u00e9servez votre cr\u00e9neau sur Calendly<\/a><\/p>\n\n\n\n<p><\/p>\n\n\n\n<p><\/p>\n","protected":false},"excerpt":{"rendered":"<p>Nous vous proposons une session personnalis\u00e9e d&rsquo;une heure pour vous pr\u00e9senter Cr\u00e8me et \u00e9changer sur votre projet CRM. C\u2019est l\u2019occasion id\u00e9ale pour poser toutes vos questions et voir comment Cr\u00e8me peut r\u00e9pondre \u00e0 vos besoins. R\u00e9servez votre cr\u00e9neau sur Calendly<\/p>\n","protected":false},"author":1,"featured_media":0,"parent":0,"menu_order":0,"comment_status":"closed","ping_status":"closed","template":"","meta":{"footnotes":""},"class_list":["post-256","page","type-page","status-publish","hentry"],"_links":{"self":[{"href":"https:\/\/hybird.org\/index.php\/wp-json\/wp\/v2\/pages\/256","targetHints":{"allow":["GET"]}}],"collection":[{"href":"https:\/\/hybird.org\/index.php\/wp-json\/wp\/v2\/pages"}],"about":[{"href":"https:\/\/hybird.org\/index.php\/wp-json\/wp\/v2\/types\/page"}],"author":[{"embeddable":true,"href":"https:\/\/hybird.org\/index.php\/wp-json\/wp\/v2\/users\/1"}],"replies":[{"embeddable":true,"href":"https:\/\/hybird.org\/index.php\/wp-json\/wp\/v2\/comments?post=256"}],"version-history":[{"count":5,"href":"https:\/\/hybird.org\/index.php\/wp-json\/wp\/v2\/pages\/256\/revisions"}],"predecessor-version":[{"id":334,"href":"https:\/\/hybird.org\/index.php\/wp-json\/wp\/v2\/pages\/256\/revisions\/334"}],"wp:attachment":[{"href":"https:\/\/hybird.org\/index.php\/wp-json\/wp\/v2\/media?parent=256"}],"curies":[{"name":"wp","href":"https:\/\/api.w.org\/{rel}","templated":true}]}}