{"id":277,"date":"2025-06-05T13:04:06","date_gmt":"2025-06-05T13:04:06","guid":{"rendered":"https:\/\/hybird.org\/?page_id=277"},"modified":"2025-06-05T16:16:36","modified_gmt":"2025-06-05T16:16:36","slug":"notre-crm-creme","status":"publish","type":"page","link":"https:\/\/hybird.org\/index.php\/notre-crm-creme\/","title":{"rendered":"Notre CRM Cr\u00e8me"},"content":{"rendered":"\n<p class=\"has-medium-font-size\">Cr\u00e8me, un CRM pas tout \u00e0 fait comme les autres<\/p>\n\n\n\n<p>Cr\u00e8me est bien plus qu\u2019un simple CRM. Il vous permet de mod\u00e9liser l\u2019ensemble des acteurs de votre \u00e9cosyst\u00e8me : clients, prospects, apporteurs d\u2019affaires, fournisseurs, partenaires\u2026 Tout est pens\u00e9 pour s\u2019adapter \u00e0 votre organisation. Gestion des affaires, facturation, devis, agenda partag\u00e9, campagnes e-mails et SMS, suivi des actions commerciales : Cr\u00e8me int\u00e8gre tous les outils essentiels dans une seule plateforme flexible.<\/p>\n\n\n\n<p class=\"has-medium-font-size\">Vous voulez mieux conna\u00eetre les clients de vos partenaires ou concurrents ?<\/p>\n\n\n\n<p>Avec Cr\u00e8me, cr\u00e9ez facilement des relations s\u00e9mantiques personnalis\u00e9es. Vous pouvez mod\u00e9liser, en quelques clics, les clients de vos concurrents, les prospects de vos partenaires ou encore ceux de vos apporteurs d\u2019affaires. Ce puissant m\u00e9canisme vous aide \u00e0 construire une base de connaissance riche et exploitable pour booster vos performances commerciales.<\/p>\n\n\n\n<p class=\"has-medium-font-size\">Vous souhaitez synchroniser vos e-mails, o\u00f9 que vous soyez ?<\/p>\n\n\n\n<p>Quelle que soit la plateforme que vous utilisez (t\u00e9l\u00e9phone, client mail ou webmail) Cr\u00e8me vous permet de synchroniser vos e-mails en toute simplicit\u00e9. Un simple transfert vers Cr\u00e8me suffit pour qu\u2019un message soit int\u00e9gr\u00e9 dans le CRM. C\u2019est rapide, pratique et sans contrainte technique.<\/p>\n\n\n\n<p class=\"has-medium-font-size\">Suivre les activit\u00e9s de vos commerciaux est une priorit\u00e9 ?<\/p>\n\n\n\n<p>Cr\u00e8me vous offre une vision claire et structur\u00e9e de votre activit\u00e9 commerciale. Suivez chaque action, retrouvez toutes les affaires associ\u00e9es, les rendez-vous planifi\u00e9s, les appels effectu\u00e9s\u2026 Gr\u00e2ce \u00e0 un syst\u00e8me de reporting avanc\u00e9, avec imbrication et sous-rapports, vous construisez des tableaux de bord aussi pr\u00e9cis que puissants.<\/p>\n\n\n\n<p class=\"has-medium-font-size\">Pr\u00eat \u00e0 en d\u00e9couvrir plus ?<\/p>\n\n\n\n<p>Si vous vous \u00eates reconnu dans ces besoins, il est temps de d\u00e9couvrir tout ce que Cr\u00e8me peut faire pour vous. Rendez-vous sur notre <a href=\"https:\/\/cremecrm.com\/\" target=\"_blank\" rel=\"noreferrer noopener\">site d\u00e9di\u00e9<\/a> pour en savoir plus ou r\u00e9servez directement un cr\u00e9neau pour une <a href=\"https:\/\/calendly.com\/jmacremecrm\/demonstration-creme-crm-site\" target=\"_blank\" rel=\"noreferrer noopener\">d\u00e9mo personnalis\u00e9e<\/a>.<\/p>\n","protected":false},"excerpt":{"rendered":"<p>Cr\u00e8me, un CRM pas tout \u00e0 fait comme les autres Cr\u00e8me est bien plus qu\u2019un simple CRM. Il vous permet de mod\u00e9liser l\u2019ensemble des acteurs de votre \u00e9cosyst\u00e8me : clients, prospects, apporteurs d\u2019affaires, fournisseurs, partenaires\u2026 Tout est pens\u00e9 pour s\u2019adapter \u00e0 votre organisation. Gestion des affaires, facturation, devis, agenda partag\u00e9, campagnes e-mails et SMS, suivi [&hellip;]<\/p>\n","protected":false},"author":1,"featured_media":0,"parent":0,"menu_order":0,"comment_status":"closed","ping_status":"closed","template":"","meta":{"footnotes":""},"class_list":["post-277","page","type-page","status-publish","hentry"],"_links":{"self":[{"href":"https:\/\/hybird.org\/index.php\/wp-json\/wp\/v2\/pages\/277","targetHints":{"allow":["GET"]}}],"collection":[{"href":"https:\/\/hybird.org\/index.php\/wp-json\/wp\/v2\/pages"}],"about":[{"href":"https:\/\/hybird.org\/index.php\/wp-json\/wp\/v2\/types\/page"}],"author":[{"embeddable":true,"href":"https:\/\/hybird.org\/index.php\/wp-json\/wp\/v2\/users\/1"}],"replies":[{"embeddable":true,"href":"https:\/\/hybird.org\/index.php\/wp-json\/wp\/v2\/comments?post=277"}],"version-history":[{"count":4,"href":"https:\/\/hybird.org\/index.php\/wp-json\/wp\/v2\/pages\/277\/revisions"}],"predecessor-version":[{"id":298,"href":"https:\/\/hybird.org\/index.php\/wp-json\/wp\/v2\/pages\/277\/revisions\/298"}],"wp:attachment":[{"href":"https:\/\/hybird.org\/index.php\/wp-json\/wp\/v2\/media?parent=277"}],"curies":[{"name":"wp","href":"https:\/\/api.w.org\/{rel}","templated":true}]}}