{"id":289,"date":"2025-06-06T12:06:32","date_gmt":"2025-06-06T12:06:32","guid":{"rendered":"https:\/\/hybird.org\/?page_id=289"},"modified":"2025-06-06T12:23:49","modified_gmt":"2025-06-06T12:23:49","slug":"nos-offres","status":"publish","type":"page","link":"https:\/\/hybird.org\/index.php\/nos-offres\/","title":{"rendered":"Nos offres"},"content":{"rendered":"\n<p class=\"has-medium-font-size\"><\/p>\n\n\n\n<p class=\"has-medium-font-size\"><\/p>\n\n\n\n<p class=\"has-medium-font-size\">Une tarification transparente<\/p>\n\n\n\n<p>Aucun co\u00fbt cach\u00e9, aucune mauvaise surprise en cours de projet ou lors du d\u00e9ploiement. Tous les \u00e9l\u00e9ments sont pr\u00e9cis\u00e9ment list\u00e9s dans notre proposition commerciale.<\/p>\n\n\n\n<p>Par exemple, concernant l\u2019h\u00e9bergement de Cr\u00e8me :<\/p>\n\n\n\n<ul class=\"wp-block-list\">\n<li>Offre SaaS : un abonnement mensuel, factur\u00e9 en fin de mois, selon un mod\u00e8le simple et lisible.<\/li>\n\n\n\n<li>Installation sur vos serveurs : une prestation d\u2019installation, \u00e0 laquelle peut s\u2019ajouter un contrat de maintenance, selon vos besoins.<\/li>\n<\/ul>\n\n\n\n<p class=\"has-medium-font-size\">Un CRM complet, sans pack ni module optionnel<\/p>\n\n\n\n<p>Nous ne croyons pas \u00e0 la segmentation des CRM en modules ou en packs avec tarifications variables. Un CRM doit \u00eatre coh\u00e9rent et complet pour \u00eatre efficace.\u2028C\u2019est pourquoi Cr\u00e8me est propos\u00e9 avec un tarif unique, qui inclut toutes ses fonctionnalit\u00e9s. Lorsque vous choisissez Cr\u00e8me, vous avez acc\u00e8s \u00e0 l\u2019ensemble de la solution, sans compromis.<\/p>\n\n\n\n<p class=\"has-medium-font-size\">Maintenance &amp; mises \u00e0 jour<\/p>\n\n\n\n<p>Nous proposons un service de maintenance incluant :<\/p>\n\n\n\n<ul class=\"wp-block-list\">\n<li>L\u2019installation des mises \u00e0 jour de s\u00e9curit\u00e9.<\/li>\n\n\n\n<li>L\u2019int\u00e9gration des \u00e9volutions apport\u00e9es par la communaut\u00e9 (notamment via le club utilisateurs Cr\u00e8me).<\/li>\n<\/ul>\n\n\n\n<p>Aucune licence suppl\u00e9mentaire n\u2019est n\u00e9cessaire pour b\u00e9n\u00e9ficier de ces contributions. Si vous avez souscrit \u00e0 notre forfait de maintenance, nous nous chargeons de tout.<\/p>\n\n\n\n<p class=\"has-medium-font-size\">Un d\u00e9ploiement, ce n\u2019est pas juste une installation<\/p>\n\n\n\n<p>L\u2019\u00e9chec d\u2019un projet CRM tient rarement \u00e0 la technique, mais souvent \u00e0 une mauvaise gestion du changement.\u2028 C\u2019est pourquoi nous int\u00e9grons un accompagnement \u00e9troit dans tous nos contrats de d\u00e9ploiement :<\/p>\n\n\n\n<ul class=\"wp-block-list\">\n<li>Points t\u00e9l\u00e9phoniques hebdomadaires pendant les deux premiers mois.<\/li>\n\n\n\n<li>Puis un suivi toutes les deux semaines les deux mois suivants.<br><\/li>\n<\/ul>\n\n\n\n<p>Notre objectif : assurer une adoption fluide et durable de Cr\u00e8me par vos \u00e9quipes.<\/p>\n\n\n\n<p class=\"has-medium-font-size\">Formation personnalis\u00e9e<\/p>\n\n\n\n<p>Nous organisons des stages de formation de 2 \u00e0 4 jours, selon vos besoins.\u2028 Chaque formation est suivie d\u2019une demi-journ\u00e9e de bilan avec les stagiaires, trois ou six mois apr\u00e8s la session initiale pour assurer une mont\u00e9e en comp\u00e9tence efficace et durable.<\/p>\n\n\n\n<p class=\"has-medium-font-size\">L\u2019engagement Hybird<\/p>\n\n\n\n<p>Confiants dans la qualit\u00e9 de notre accompagnement, nous nous engageons \u00e0 vous fournir une liste de prestataires sp\u00e9cialis\u00e9s en logiciels libres si vous d\u00e9cidez un jour de ne plus travailler avec nous. Parce que votre libert\u00e9 reste une priorit\u00e9.<\/p>\n","protected":false},"excerpt":{"rendered":"<p>Une tarification transparente Aucun co\u00fbt cach\u00e9, aucune mauvaise surprise en cours de projet ou lors du d\u00e9ploiement. Tous les \u00e9l\u00e9ments sont pr\u00e9cis\u00e9ment list\u00e9s dans notre proposition commerciale. Par exemple, concernant l\u2019h\u00e9bergement de Cr\u00e8me : Un CRM complet, sans pack ni module optionnel Nous ne croyons pas \u00e0 la segmentation des CRM en modules ou en [&hellip;]<\/p>\n","protected":false},"author":1,"featured_media":0,"parent":0,"menu_order":0,"comment_status":"closed","ping_status":"closed","template":"","meta":{"footnotes":""},"class_list":["post-289","page","type-page","status-publish","hentry"],"_links":{"self":[{"href":"https:\/\/hybird.org\/index.php\/wp-json\/wp\/v2\/pages\/289","targetHints":{"allow":["GET"]}}],"collection":[{"href":"https:\/\/hybird.org\/index.php\/wp-json\/wp\/v2\/pages"}],"about":[{"href":"https:\/\/hybird.org\/index.php\/wp-json\/wp\/v2\/types\/page"}],"author":[{"embeddable":true,"href":"https:\/\/hybird.org\/index.php\/wp-json\/wp\/v2\/users\/1"}],"replies":[{"embeddable":true,"href":"https:\/\/hybird.org\/index.php\/wp-json\/wp\/v2\/comments?post=289"}],"version-history":[{"count":6,"href":"https:\/\/hybird.org\/index.php\/wp-json\/wp\/v2\/pages\/289\/revisions"}],"predecessor-version":[{"id":306,"href":"https:\/\/hybird.org\/index.php\/wp-json\/wp\/v2\/pages\/289\/revisions\/306"}],"wp:attachment":[{"href":"https:\/\/hybird.org\/index.php\/wp-json\/wp\/v2\/media?parent=289"}],"curies":[{"name":"wp","href":"https:\/\/api.w.org\/{rel}","templated":true}]}}