{"id":3,"date":"2025-05-14T15:37:48","date_gmt":"2025-05-14T15:37:48","guid":{"rendered":"http:\/\/wpnew.hybird.org\/?page_id=3"},"modified":"2025-05-31T07:46:58","modified_gmt":"2025-05-31T07:46:58","slug":"mentions-legales","status":"publish","type":"page","link":"https:\/\/hybird.org\/index.php\/mentions-legales\/","title":{"rendered":"Mentions l\u00e9gales"},"content":{"rendered":"\n<p><strong>Conform\u00e9ment aux dispositions des articles 6-III et 19 de la loi n\u00b0 2004-575 du 21 juin 2004 pour la Confiance dans l&rsquo;\u00c9conomie Num\u00e9rique (LCEN), il est port\u00e9 \u00e0 la connaissance des utilisateurs du site www.hybird.org les pr\u00e9sentes mentions l\u00e9gales.<\/strong><\/p>\n\n\n\n<h2 class=\"wp-block-heading\">1. \u00c9diteur du site<\/h2>\n\n\n\n<p><strong>Soci\u00e9t\u00e9 :<\/strong> Hybird<br><strong>Forme juridique :<\/strong> SARL<br><strong>Capital social :<\/strong> 12 000 \u20ac<br><strong>Si\u00e8ge social :<\/strong> 17 la Canebi\u00e8re, 13001 Marseille, France<br><strong>RCS :<\/strong> 484 960 844 Marseille<br><strong>Num\u00e9ro de TVA intracommunautaire :<\/strong> FR11484960844<br><strong>Directeur de la publication :<\/strong> Jean-Michel ARMAND<br><strong>Contact :<\/strong> <a href=\"mailto:contact@hybird.org\">contact@hybird.org<\/a> &#8211; 04 91 01 88 76<\/p>\n\n\n\n<h2 class=\"wp-block-heading\">2. H\u00e9bergement<\/h2>\n\n\n\n<p><strong>H\u00e9bergeur :<\/strong> AlwaysData <br><strong>Adresse :<\/strong> 91 rue du Faubourg Saint-Honor\u00e9, 75008 Paris, France<br><strong>T\u00e9l\u00e9phone :<\/strong> 01 84 16 23 40<\/p>\n\n\n\n<h2 class=\"wp-block-heading\">3. Propri\u00e9t\u00e9 intellectuelle<\/h2>\n\n\n\n<p>Le site ainsi que l\u2019ensemble des contenus (textes, images, graphismes, logo, etc.) sont la propri\u00e9t\u00e9 exclusive d&rsquo;Hybird, sauf mentions contraires.<br>Toute reproduction, repr\u00e9sentation, modification ou adaptation, partielle ou totale, est interdite sans l\u2019accord pr\u00e9alable \u00e9crit de l\u2019entreprise.<\/p>\n\n\n\n<h2 class=\"wp-block-heading\">4. Donn\u00e9es personnelles<\/h2>\n\n\n\n<p>Les donn\u00e9es collect\u00e9es via les formulaires ou outils du site sont utilis\u00e9es exclusivement pour r\u00e9pondre \u00e0 vos demandes.<br>Conform\u00e9ment au RGPD, vous disposez d\u2019un droit d\u2019acc\u00e8s, de rectification, de suppression ou de portabilit\u00e9 de vos donn\u00e9es.<br>Pour exercer ces droits : <a href=\"mailto:contact@bretzel.com\"><\/a><a href=\"mailto:contact@hybird.org\">contact@hybird.org<\/a><\/p>\n\n\n\n<h2 class=\"wp-block-heading\">5. Cookies<\/h2>\n\n\n\n<p>Le site peut utiliser des cookies pour am\u00e9liorer l\u2019exp\u00e9rience utilisateur. Vous pouvez les accepter ou les refuser via le bandeau pr\u00e9vu \u00e0 cet effet.<\/p>\n\n\n\n<h2 class=\"wp-block-heading\">6. Responsabilit\u00e9<\/h2>\n\n\n\n<p>Hybird ne saurait \u00eatre tenue responsable en cas d&rsquo;erreurs, d&rsquo;interruption ou d&rsquo;indisponibilit\u00e9 du site.<br>L\u2019utilisateur est seul responsable de l\u2019usage des informations fournies sur le site.<\/p>\n","protected":false},"excerpt":{"rendered":"<p>Conform\u00e9ment aux dispositions des articles 6-III et 19 de la loi n\u00b0 2004-575 du 21 juin 2004 pour la Confiance dans l&rsquo;\u00c9conomie Num\u00e9rique (LCEN), il est port\u00e9 \u00e0 la connaissance des utilisateurs du site www.hybird.org les pr\u00e9sentes mentions l\u00e9gales. 1. \u00c9diteur du site Soci\u00e9t\u00e9 : HybirdForme juridique : SARLCapital social : 12 000 \u20acSi\u00e8ge social [&hellip;]<\/p>\n","protected":false},"author":1,"featured_media":0,"parent":0,"menu_order":-1,"comment_status":"closed","ping_status":"open","template":"","meta":{"footnotes":""},"class_list":["post-3","page","type-page","status-publish","hentry"],"_links":{"self":[{"href":"https:\/\/hybird.org\/index.php\/wp-json\/wp\/v2\/pages\/3","targetHints":{"allow":["GET"]}}],"collection":[{"href":"https:\/\/hybird.org\/index.php\/wp-json\/wp\/v2\/pages"}],"about":[{"href":"https:\/\/hybird.org\/index.php\/wp-json\/wp\/v2\/types\/page"}],"author":[{"embeddable":true,"href":"https:\/\/hybird.org\/index.php\/wp-json\/wp\/v2\/users\/1"}],"replies":[{"embeddable":true,"href":"https:\/\/hybird.org\/index.php\/wp-json\/wp\/v2\/comments?post=3"}],"version-history":[{"count":3,"href":"https:\/\/hybird.org\/index.php\/wp-json\/wp\/v2\/pages\/3\/revisions"}],"predecessor-version":[{"id":134,"href":"https:\/\/hybird.org\/index.php\/wp-json\/wp\/v2\/pages\/3\/revisions\/134"}],"wp:attachment":[{"href":"https:\/\/hybird.org\/index.php\/wp-json\/wp\/v2\/media?parent=3"}],"curies":[{"name":"wp","href":"https:\/\/api.w.org\/{rel}","templated":true}]}}