{"id":31,"date":"2025-05-30T07:35:06","date_gmt":"2025-05-30T07:35:06","guid":{"rendered":"https:\/\/wpnew.hybird.org\/?page_id=31"},"modified":"2026-01-28T08:55:28","modified_gmt":"2026-01-28T08:55:28","slug":"nos-references","status":"publish","type":"page","link":"https:\/\/hybird.org\/index.php\/nos-references\/","title":{"rendered":"Nos r\u00e9f\u00e9rences"},"content":{"rendered":"\n<p class=\"has-medium-font-size\">Ils nous font confiance pour leur projet CRM :<\/p>\n\n\n\n<ul class=\"wp-block-list\">\n<li style=\"text-transform:uppercase\">ADULLACT<\/li>\n\n\n\n<li style=\"text-transform:uppercase\">AdvanThink<\/li>\n\n\n\n<li style=\"text-transform:uppercase\">Construction21<\/li>\n\n\n\n<li style=\"text-transform:uppercase\">ECM (\u00c9cole de commerce &amp; management)<\/li>\n\n\n\n<li style=\"text-transform:uppercase\">\u00c9cole Centrale Marseille<\/li>\n\n\n\n<li style=\"text-transform:uppercase\">\u00c9cole Nationale Sup\u00e9rieure d\u2019Architecture de Toulouse<\/li>\n\n\n\n<li style=\"text-transform:uppercase\">France Labs<\/li>\n\n\n\n<li style=\"text-transform:uppercase\">Geres<\/li>\n\n\n\n<li style=\"text-transform:uppercase\">Go Formations<\/li>\n\n\n\n<li style=\"text-transform:uppercase\">Groupe HER ENR<\/li>\n\n\n\n<li style=\"text-transform:uppercase\">IAE Clermont Auvergne<\/li>\n\n\n\n<li style=\"text-transform:uppercase\">IRT Jules Verne<\/li>\n\n\n\n<li style=\"text-transform:uppercase\">Kaab<\/li>\n\n\n\n<li style=\"text-transform:uppercase\">La Coque de Nacre<\/li>\n\n\n\n<li style=\"text-transform:uppercase\">La M\u00e9ridionale<\/li>\n\n\n\n<li style=\"text-transform:uppercase\">Lafor\u00eat Franchise<\/li>\n\n\n\n<li style=\"text-transform:uppercase\">Le r\u00e9seau Gab-Frab<\/li>\n\n\n\n<li style=\"text-transform:uppercase\">Libriciel SCOP<\/li>\n\n\n\n<li style=\"text-transform:uppercase\">Minist\u00e8re de l\u2019Int\u00e9rieur<\/li>\n\n\n\n<li style=\"text-transform:uppercase\">Nanni Industries<\/li>\n\n\n\n<li style=\"text-transform:uppercase\">Paturle Aciers<\/li>\n\n\n\n<li style=\"text-transform:uppercase\">Rhenus Logistics France<\/li>\n\n\n\n<li style=\"text-transform:uppercase\">Universit\u00e9 de Rouen Normandie<\/li>\n\n\n\n<li style=\"text-transform:uppercase\">Universit\u00e9 Sorbonne Paris Nord<\/li>\n\n\n\n<li style=\"text-transform:uppercase\">Zayo France (Neo Telecoms)<\/li>\n<\/ul>\n\n\n\n<p class=\"has-medium-font-size\">Nos prestations r\u00e9alis\u00e9es en d\u00e9veloppement :<\/p>\n\n\n\n<ul class=\"wp-block-list\">\n<li style=\"text-transform:uppercase\">Auchan e-commerce<\/li>\n\n\n\n<li style=\"text-transform:uppercase\">CMR Group<\/li>\n\n\n\n<li style=\"text-transform:uppercase\">Horiba ABX<\/li>\n\n\n\n<li style=\"text-transform:uppercase\">Magasins BUT<\/li>\n\n\n\n<li style=\"text-transform:uppercase\">PeopleDoc<\/li>\n<\/ul>\n","protected":false},"excerpt":{"rendered":"<p>Ils nous font confiance pour leur projet CRM : Nos prestations r\u00e9alis\u00e9es en d\u00e9veloppement :<\/p>\n","protected":false},"author":1,"featured_media":0,"parent":0,"menu_order":2,"comment_status":"closed","ping_status":"closed","template":"","meta":{"footnotes":""},"class_list":["post-31","page","type-page","status-publish","hentry"],"_links":{"self":[{"href":"https:\/\/hybird.org\/index.php\/wp-json\/wp\/v2\/pages\/31","targetHints":{"allow":["GET"]}}],"collection":[{"href":"https:\/\/hybird.org\/index.php\/wp-json\/wp\/v2\/pages"}],"about":[{"href":"https:\/\/hybird.org\/index.php\/wp-json\/wp\/v2\/types\/page"}],"author":[{"embeddable":true,"href":"https:\/\/hybird.org\/index.php\/wp-json\/wp\/v2\/users\/1"}],"replies":[{"embeddable":true,"href":"https:\/\/hybird.org\/index.php\/wp-json\/wp\/v2\/comments?post=31"}],"version-history":[{"count":15,"href":"https:\/\/hybird.org\/index.php\/wp-json\/wp\/v2\/pages\/31\/revisions"}],"predecessor-version":[{"id":384,"href":"https:\/\/hybird.org\/index.php\/wp-json\/wp\/v2\/pages\/31\/revisions\/384"}],"wp:attachment":[{"href":"https:\/\/hybird.org\/index.php\/wp-json\/wp\/v2\/media?parent=31"}],"curies":[{"name":"wp","href":"https:\/\/api.w.org\/{rel}","templated":true}]}}